{"id":77,"date":"2020-05-10T14:54:35","date_gmt":"2020-05-10T14:54:35","guid":{"rendered":"http:\/\/kaemper-veranstaltungstechnik.de\/?page_id=77"},"modified":"2020-05-16T16:56:59","modified_gmt":"2020-05-16T16:56:59","slug":"traversensysteme","status":"publish","type":"page","link":"https:\/\/kaemper-veranstaltungstechnik.de\/?page_id=77","title":{"rendered":"Traversensysteme"},"content":{"rendered":"\n<p>Professionelle Licht- und Tontechnik muss sicher montiert werden. Hier setzen wir auf T\u00dcV gepr\u00fcfte 4-Punk Traversen. Durch die Aluminiumleichtbauweise k\u00f6nnen so auch gr\u00f6\u00dfere Strecken \u00fcberbr\u00fcck werden. Des Weiteren lassen sich auch B\u00fchnen, Tische oder Theken aus dem modularen System aufbauen.<\/p>\n\n\n\n<figure class=\"wp-block-image size-large\"><img loading=\"lazy\" decoding=\"async\" width=\"768\" height=\"1024\" src=\"http:\/\/kaemper-veranstaltungstechnik.de\/wp-content\/uploads\/2020\/05\/IMG_20200516_184935-768x1024.jpg\" alt=\"\" class=\"wp-image-104\" srcset=\"https:\/\/kaemper-veranstaltungstechnik.de\/wp-content\/uploads\/2020\/05\/IMG_20200516_184935-768x1024.jpg 768w, https:\/\/kaemper-veranstaltungstechnik.de\/wp-content\/uploads\/2020\/05\/IMG_20200516_184935-225x300.jpg 225w, https:\/\/kaemper-veranstaltungstechnik.de\/wp-content\/uploads\/2020\/05\/IMG_20200516_184935-1152x1536.jpg 1152w, https:\/\/kaemper-veranstaltungstechnik.de\/wp-content\/uploads\/2020\/05\/IMG_20200516_184935-1536x2048.jpg 1536w, https:\/\/kaemper-veranstaltungstechnik.de\/wp-content\/uploads\/2020\/05\/IMG_20200516_184935-scaled.jpg 1920w\" sizes=\"auto, (max-width: 768px) 100vw, 768px\" \/><\/figure>\n","protected":false},"excerpt":{"rendered":"<p>Professionelle Licht- und Tontechnik muss sicher montiert werden. Hier setzen wir auf T\u00dcV gepr\u00fcfte 4-Punk Traversen. Durch die Aluminiumleichtbauweise k\u00f6nnen so auch gr\u00f6\u00dfere Strecken \u00fcberbr\u00fcck werden. Des Weiteren lassen sich auch B\u00fchnen, Tische oder Theken aus dem modularen System aufbauen.<\/p>\n","protected":false},"author":1,"featured_media":0,"parent":26,"menu_order":0,"comment_status":"closed","ping_status":"closed","template":"","meta":{"footnotes":""},"class_list":["post-77","page","type-page","status-publish"],"_links":{"self":[{"href":"https:\/\/kaemper-veranstaltungstechnik.de\/index.php?rest_route=\/wp\/v2\/pages\/77","targetHints":{"allow":["GET"]}}],"collection":[{"href":"https:\/\/kaemper-veranstaltungstechnik.de\/index.php?rest_route=\/wp\/v2\/pages"}],"about":[{"href":"https:\/\/kaemper-veranstaltungstechnik.de\/index.php?rest_route=\/wp\/v2\/types\/page"}],"author":[{"embeddable":true,"href":"https:\/\/kaemper-veranstaltungstechnik.de\/index.php?rest_route=\/wp\/v2\/users\/1"}],"replies":[{"embeddable":true,"href":"https:\/\/kaemper-veranstaltungstechnik.de\/index.php?rest_route=%2Fwp%2Fv2%2Fcomments&post=77"}],"version-history":[{"count":4,"href":"https:\/\/kaemper-veranstaltungstechnik.de\/index.php?rest_route=\/wp\/v2\/pages\/77\/revisions"}],"predecessor-version":[{"id":106,"href":"https:\/\/kaemper-veranstaltungstechnik.de\/index.php?rest_route=\/wp\/v2\/pages\/77\/revisions\/106"}],"up":[{"embeddable":true,"href":"https:\/\/kaemper-veranstaltungstechnik.de\/index.php?rest_route=\/wp\/v2\/pages\/26"}],"wp:attachment":[{"href":"https:\/\/kaemper-veranstaltungstechnik.de\/index.php?rest_route=%2Fwp%2Fv2%2Fmedia&parent=77"}],"curies":[{"name":"wp","href":"https:\/\/api.w.org\/{rel}","templated":true}]}}