{"id":69,"date":"2020-05-10T14:43:44","date_gmt":"2020-05-10T14:43:44","guid":{"rendered":"http:\/\/kaemper-veranstaltungstechnik.de\/?page_id=69"},"modified":"2020-05-16T15:34:19","modified_gmt":"2020-05-16T15:34:19","slug":"tontechnik","status":"publish","type":"page","link":"https:\/\/kaemper-veranstaltungstechnik.de\/?page_id=69","title":{"rendered":"Tontechnik"},"content":{"rendered":"\n<p>Mit unser professionellen Audiotechnik erstellen wir ma\u00dfgeschneiderte L\u00f6sungen um Ihr Event bestm\u00f6glich zu beschallen. Funk\u00fcbertragungssysteme, digitale Mischpulte und modernste PA Technik von namenhaften Herstellern steht hierf\u00fcr bereit.<\/p>\n\n\n\n<figure class=\"wp-block-image size-large\"><img loading=\"lazy\" decoding=\"async\" width=\"1024\" height=\"683\" src=\"http:\/\/kaemper-veranstaltungstechnik.de\/wp-content\/uploads\/2020\/05\/mixer-4888558-1024x683.jpg\" alt=\"\" class=\"wp-image-89\" srcset=\"https:\/\/kaemper-veranstaltungstechnik.de\/wp-content\/uploads\/2020\/05\/mixer-4888558-1024x683.jpg 1024w, https:\/\/kaemper-veranstaltungstechnik.de\/wp-content\/uploads\/2020\/05\/mixer-4888558-300x200.jpg 300w, https:\/\/kaemper-veranstaltungstechnik.de\/wp-content\/uploads\/2020\/05\/mixer-4888558-768x512.jpg 768w, https:\/\/kaemper-veranstaltungstechnik.de\/wp-content\/uploads\/2020\/05\/mixer-4888558-1536x1024.jpg 1536w, https:\/\/kaemper-veranstaltungstechnik.de\/wp-content\/uploads\/2020\/05\/mixer-4888558-2048x1365.jpg 2048w\" sizes=\"auto, (max-width: 1024px) 100vw, 1024px\" \/><\/figure>\n","protected":false},"excerpt":{"rendered":"<p>Mit unser professionellen Audiotechnik erstellen wir ma\u00dfgeschneiderte L\u00f6sungen um Ihr Event bestm\u00f6glich zu beschallen. Funk\u00fcbertragungssysteme, digitale Mischpulte und modernste PA Technik von namenhaften Herstellern steht hierf\u00fcr bereit.<\/p>\n","protected":false},"author":1,"featured_media":0,"parent":26,"menu_order":0,"comment_status":"closed","ping_status":"closed","template":"","meta":{"footnotes":""},"class_list":["post-69","page","type-page","status-publish"],"_links":{"self":[{"href":"https:\/\/kaemper-veranstaltungstechnik.de\/index.php?rest_route=\/wp\/v2\/pages\/69","targetHints":{"allow":["GET"]}}],"collection":[{"href":"https:\/\/kaemper-veranstaltungstechnik.de\/index.php?rest_route=\/wp\/v2\/pages"}],"about":[{"href":"https:\/\/kaemper-veranstaltungstechnik.de\/index.php?rest_route=\/wp\/v2\/types\/page"}],"author":[{"embeddable":true,"href":"https:\/\/kaemper-veranstaltungstechnik.de\/index.php?rest_route=\/wp\/v2\/users\/1"}],"replies":[{"embeddable":true,"href":"https:\/\/kaemper-veranstaltungstechnik.de\/index.php?rest_route=%2Fwp%2Fv2%2Fcomments&post=69"}],"version-history":[{"count":3,"href":"https:\/\/kaemper-veranstaltungstechnik.de\/index.php?rest_route=\/wp\/v2\/pages\/69\/revisions"}],"predecessor-version":[{"id":90,"href":"https:\/\/kaemper-veranstaltungstechnik.de\/index.php?rest_route=\/wp\/v2\/pages\/69\/revisions\/90"}],"up":[{"embeddable":true,"href":"https:\/\/kaemper-veranstaltungstechnik.de\/index.php?rest_route=\/wp\/v2\/pages\/26"}],"wp:attachment":[{"href":"https:\/\/kaemper-veranstaltungstechnik.de\/index.php?rest_route=%2Fwp%2Fv2%2Fmedia&parent=69"}],"curies":[{"name":"wp","href":"https:\/\/api.w.org\/{rel}","templated":true}]}}