{"id":62,"date":"2020-05-10T14:14:39","date_gmt":"2020-05-10T14:14:39","guid":{"rendered":"http:\/\/kaemper-veranstaltungstechnik.de\/?page_id=62"},"modified":"2020-05-16T15:48:34","modified_gmt":"2020-05-16T15:48:34","slug":"lichttechnik","status":"publish","type":"page","link":"https:\/\/kaemper-veranstaltungstechnik.de\/?page_id=62","title":{"rendered":"Lichttechnik"},"content":{"rendered":"\n<p>Egal ob kleine oder gr\u00f6\u00dfere Veranstaltungen, mit unserem Portfolio an Lichttechnik setzen wir jedes Event korrekt in Szene. Dabei k\u00f6nnen wir sowohl auf konventionelle Scheinwerfer als auch auf aktuellste LDE-Technik und digital gesteuerte, bewegliche Lichteffekte zur\u00fcckgreifen.<\/p>\n\n\n\n<figure class=\"wp-block-image size-large\"><img loading=\"lazy\" decoding=\"async\" width=\"1024\" height=\"683\" src=\"http:\/\/kaemper-veranstaltungstechnik.de\/wp-content\/uploads\/2020\/05\/the-control-unit-4393412-1024x683.jpg\" alt=\"\" class=\"wp-image-91\" srcset=\"https:\/\/kaemper-veranstaltungstechnik.de\/wp-content\/uploads\/2020\/05\/the-control-unit-4393412-1024x683.jpg 1024w, https:\/\/kaemper-veranstaltungstechnik.de\/wp-content\/uploads\/2020\/05\/the-control-unit-4393412-300x200.jpg 300w, https:\/\/kaemper-veranstaltungstechnik.de\/wp-content\/uploads\/2020\/05\/the-control-unit-4393412-768x512.jpg 768w, https:\/\/kaemper-veranstaltungstechnik.de\/wp-content\/uploads\/2020\/05\/the-control-unit-4393412-1536x1024.jpg 1536w, https:\/\/kaemper-veranstaltungstechnik.de\/wp-content\/uploads\/2020\/05\/the-control-unit-4393412-2048x1365.jpg 2048w\" sizes=\"auto, (max-width: 1024px) 100vw, 1024px\" \/><\/figure>\n","protected":false},"excerpt":{"rendered":"<p>Egal ob kleine oder gr\u00f6\u00dfere Veranstaltungen, mit unserem Portfolio an Lichttechnik setzen wir jedes Event korrekt in Szene. Dabei k\u00f6nnen wir sowohl auf konventionelle Scheinwerfer als auch auf aktuellste LDE-Technik und digital gesteuerte, bewegliche Lichteffekte zur\u00fcckgreifen.<\/p>\n","protected":false},"author":1,"featured_media":0,"parent":26,"menu_order":0,"comment_status":"closed","ping_status":"closed","template":"","meta":{"footnotes":""},"class_list":["post-62","page","type-page","status-publish"],"_links":{"self":[{"href":"https:\/\/kaemper-veranstaltungstechnik.de\/index.php?rest_route=\/wp\/v2\/pages\/62","targetHints":{"allow":["GET"]}}],"collection":[{"href":"https:\/\/kaemper-veranstaltungstechnik.de\/index.php?rest_route=\/wp\/v2\/pages"}],"about":[{"href":"https:\/\/kaemper-veranstaltungstechnik.de\/index.php?rest_route=\/wp\/v2\/types\/page"}],"author":[{"embeddable":true,"href":"https:\/\/kaemper-veranstaltungstechnik.de\/index.php?rest_route=\/wp\/v2\/users\/1"}],"replies":[{"embeddable":true,"href":"https:\/\/kaemper-veranstaltungstechnik.de\/index.php?rest_route=%2Fwp%2Fv2%2Fcomments&post=62"}],"version-history":[{"count":6,"href":"https:\/\/kaemper-veranstaltungstechnik.de\/index.php?rest_route=\/wp\/v2\/pages\/62\/revisions"}],"predecessor-version":[{"id":94,"href":"https:\/\/kaemper-veranstaltungstechnik.de\/index.php?rest_route=\/wp\/v2\/pages\/62\/revisions\/94"}],"up":[{"embeddable":true,"href":"https:\/\/kaemper-veranstaltungstechnik.de\/index.php?rest_route=\/wp\/v2\/pages\/26"}],"wp:attachment":[{"href":"https:\/\/kaemper-veranstaltungstechnik.de\/index.php?rest_route=%2Fwp%2Fv2%2Fmedia&parent=62"}],"curies":[{"name":"wp","href":"https:\/\/api.w.org\/{rel}","templated":true}]}}