{"id":21,"date":"2020-04-26T14:33:11","date_gmt":"2020-04-26T14:33:11","guid":{"rendered":"http:\/\/kaemper-veranstaltungstechnik.de\/?page_id=21"},"modified":"2025-01-07T14:39:56","modified_gmt":"2025-01-07T14:39:56","slug":"kontakt","status":"publish","type":"page","link":"https:\/\/kaemper-veranstaltungstechnik.de\/?page_id=21","title":{"rendered":"Kontakt"},"content":{"rendered":"\n<h2 class=\"wp-block-heading\">Lager<\/h2>\n\n\n\n<p><\/p>\n\n\n\n<p>K\u00e4mper Veranstaltungstechnik<br>Hauptstra\u00dfe 83<br>49448 Lemf\u00f6rde<\/p>\n\n\n\n<p><a href=\"mailto:info@kaemper-vt.de\">info@kaemper-vt.de<\/a><br><a href=\"http:\/\/www.kaemper-vt.de\">www.kaemper-vt.de<\/a><\/p>\n\n\n\n<ul class=\"wp-block-social-links is-layout-flex wp-block-social-links-is-layout-flex\">\n\n\n\n\n\n\n\n\n\n\n\n<\/ul>\n\n\n\n<p><\/p>\n\n\n\n<h2 class=\"wp-block-heading\">B\u00fcro<\/h2>\n\n\n\n<p>K\u00e4mper Veranstaltungstechnik<br>Hauptstra\u00dfe 83<br>49448 Lemf\u00f6rde<\/p>\n\n\n\n<p><\/p>\n","protected":false},"excerpt":{"rendered":"<p>Lager K\u00e4mper VeranstaltungstechnikHauptstra\u00dfe 8349448 Lemf\u00f6rde info@kaemper-vt.dewww.kaemper-vt.de B\u00fcro K\u00e4mper VeranstaltungstechnikHauptstra\u00dfe 8349448 Lemf\u00f6rde<\/p>\n","protected":false},"author":1,"featured_media":0,"parent":0,"menu_order":0,"comment_status":"closed","ping_status":"closed","template":"","meta":{"footnotes":""},"class_list":["post-21","page","type-page","status-publish"],"_links":{"self":[{"href":"https:\/\/kaemper-veranstaltungstechnik.de\/index.php?rest_route=\/wp\/v2\/pages\/21","targetHints":{"allow":["GET"]}}],"collection":[{"href":"https:\/\/kaemper-veranstaltungstechnik.de\/index.php?rest_route=\/wp\/v2\/pages"}],"about":[{"href":"https:\/\/kaemper-veranstaltungstechnik.de\/index.php?rest_route=\/wp\/v2\/types\/page"}],"author":[{"embeddable":true,"href":"https:\/\/kaemper-veranstaltungstechnik.de\/index.php?rest_route=\/wp\/v2\/users\/1"}],"replies":[{"embeddable":true,"href":"https:\/\/kaemper-veranstaltungstechnik.de\/index.php?rest_route=%2Fwp%2Fv2%2Fcomments&post=21"}],"version-history":[{"count":8,"href":"https:\/\/kaemper-veranstaltungstechnik.de\/index.php?rest_route=\/wp\/v2\/pages\/21\/revisions"}],"predecessor-version":[{"id":114,"href":"https:\/\/kaemper-veranstaltungstechnik.de\/index.php?rest_route=\/wp\/v2\/pages\/21\/revisions\/114"}],"wp:attachment":[{"href":"https:\/\/kaemper-veranstaltungstechnik.de\/index.php?rest_route=%2Fwp%2Fv2%2Fmedia&parent=21"}],"curies":[{"name":"wp","href":"https:\/\/api.w.org\/{rel}","templated":true}]}}