{"id":15,"date":"2020-04-26T14:30:13","date_gmt":"2020-04-26T14:30:13","guid":{"rendered":"http:\/\/kaemper-veranstaltungstechnik.de\/?page_id=15"},"modified":"2025-01-07T15:07:34","modified_gmt":"2025-01-07T15:07:34","slug":"impressum","status":"publish","type":"page","link":"https:\/\/kaemper-veranstaltungstechnik.de\/?page_id=15","title":{"rendered":"Impressum"},"content":{"rendered":"\n<p>K\u00e4mper Haus- und Veranstaltungstechnik<\/p>\n\n\n\n<p>Inh. und Gesch\u00e4ftsf\u00fchrer:<br>Thomas K\u00e4mper<br>Hauptstra\u00dfe 83<br>49448 Lemf\u00f6rde<br><br><a href=\"mailto:info@kaemper-vt.de\">info@kaemper-vt.de<\/a><br><a href=\"http:\/\/www.kaemper-vt.de\">www.kaemper-vt.de<\/a><br><br>USt-IdNr.: DE45\/121\/00511<\/p>\n","protected":false},"excerpt":{"rendered":"<p>K\u00e4mper Haus- und Veranstaltungstechnik Inh. und Gesch\u00e4ftsf\u00fchrer:Thomas K\u00e4mperHauptstra\u00dfe 8349448 Lemf\u00f6rde info@kaemper-vt.dewww.kaemper-vt.de USt-IdNr.: DE45\/121\/00511<\/p>\n","protected":false},"author":1,"featured_media":0,"parent":0,"menu_order":0,"comment_status":"closed","ping_status":"closed","template":"","meta":{"footnotes":""},"class_list":["post-15","page","type-page","status-publish"],"_links":{"self":[{"href":"https:\/\/kaemper-veranstaltungstechnik.de\/index.php?rest_route=\/wp\/v2\/pages\/15","targetHints":{"allow":["GET"]}}],"collection":[{"href":"https:\/\/kaemper-veranstaltungstechnik.de\/index.php?rest_route=\/wp\/v2\/pages"}],"about":[{"href":"https:\/\/kaemper-veranstaltungstechnik.de\/index.php?rest_route=\/wp\/v2\/types\/page"}],"author":[{"embeddable":true,"href":"https:\/\/kaemper-veranstaltungstechnik.de\/index.php?rest_route=\/wp\/v2\/users\/1"}],"replies":[{"embeddable":true,"href":"https:\/\/kaemper-veranstaltungstechnik.de\/index.php?rest_route=%2Fwp%2Fv2%2Fcomments&post=15"}],"version-history":[{"count":6,"href":"https:\/\/kaemper-veranstaltungstechnik.de\/index.php?rest_route=\/wp\/v2\/pages\/15\/revisions"}],"predecessor-version":[{"id":122,"href":"https:\/\/kaemper-veranstaltungstechnik.de\/index.php?rest_route=\/wp\/v2\/pages\/15\/revisions\/122"}],"wp:attachment":[{"href":"https:\/\/kaemper-veranstaltungstechnik.de\/index.php?rest_route=%2Fwp%2Fv2%2Fmedia&parent=15"}],"curies":[{"name":"wp","href":"https:\/\/api.w.org\/{rel}","templated":true}]}}