{"id":26,"date":"2020-04-26T14:29:34","date_gmt":"2020-04-26T14:29:34","guid":{"rendered":"http:\/\/kaemper-veranstaltungstechnik.de\/?page_id=26"},"modified":"2025-01-07T15:06:38","modified_gmt":"2025-01-07T15:06:38","slug":"equipment","status":"publish","type":"page","link":"http:\/\/kaemper-veranstaltungstechnik.de\/?page_id=26","title":{"rendered":"Equipment"},"content":{"rendered":"\n<p><\/p>\n\n\n\n<p>Wir bieten Ihnen hochwertiges Equipment f\u00fcr jeden Anlass. Egal ob im Verleih f\u00fcr die kurzzeitige Nutzung oder im Verkauf f\u00fcr ihre wiederkehrenden Veranstaltungen. Wir erstellen Ihnen gerne ein individuelles Angebot.<\/p>\n\n\n\n<h2 class=\"wp-block-heading\"><a href=\"http:\/\/kaemper-veranstaltungstechnik.de\/?page_id=62\">Lichttechnik<\/a><\/h2>\n\n\n\n<h2 class=\"wp-block-heading\"><a href=\"http:\/\/kaemper-veranstaltungstechnik.de\/?page_id=69\">Tontechnik<\/a><\/h2>\n\n\n\n<h2 class=\"wp-block-heading\"><a href=\"http:\/\/kaemper-veranstaltungstechnik.de\/?page_id=77\">Traversensysteme<\/a><\/h2>\n\n\n\n<p><\/p>\n","protected":false},"excerpt":{"rendered":"<p>Wir bieten Ihnen hochwertiges Equipment f\u00fcr jeden Anlass. Egal ob im Verleih f\u00fcr die kurzzeitige Nutzung oder im Verkauf f\u00fcr ihre wiederkehrenden Veranstaltungen. Wir erstellen Ihnen gerne ein individuelles Angebot. Lichttechnik Tontechnik Traversensysteme<\/p>\n","protected":false},"author":1,"featured_media":0,"parent":0,"menu_order":0,"comment_status":"closed","ping_status":"closed","template":"","meta":{"footnotes":""},"class_list":["post-26","page","type-page","status-publish"],"_links":{"self":[{"href":"http:\/\/kaemper-veranstaltungstechnik.de\/index.php?rest_route=\/wp\/v2\/pages\/26","targetHints":{"allow":["GET"]}}],"collection":[{"href":"http:\/\/kaemper-veranstaltungstechnik.de\/index.php?rest_route=\/wp\/v2\/pages"}],"about":[{"href":"http:\/\/kaemper-veranstaltungstechnik.de\/index.php?rest_route=\/wp\/v2\/types\/page"}],"author":[{"embeddable":true,"href":"http:\/\/kaemper-veranstaltungstechnik.de\/index.php?rest_route=\/wp\/v2\/users\/1"}],"replies":[{"embeddable":true,"href":"http:\/\/kaemper-veranstaltungstechnik.de\/index.php?rest_route=%2Fwp%2Fv2%2Fcomments&post=26"}],"version-history":[{"count":7,"href":"http:\/\/kaemper-veranstaltungstechnik.de\/index.php?rest_route=\/wp\/v2\/pages\/26\/revisions"}],"predecessor-version":[{"id":121,"href":"http:\/\/kaemper-veranstaltungstechnik.de\/index.php?rest_route=\/wp\/v2\/pages\/26\/revisions\/121"}],"wp:attachment":[{"href":"http:\/\/kaemper-veranstaltungstechnik.de\/index.php?rest_route=%2Fwp%2Fv2%2Fmedia&parent=26"}],"curies":[{"name":"wp","href":"https:\/\/api.w.org\/{rel}","templated":true}]}}